{"id":112488,"date":"2024-05-27T10:22:51","date_gmt":"2024-05-27T10:22:51","guid":{"rendered":"https:\/\/hpl.ro\/produs\/hpl-walnussholzfurnier-eletto\/"},"modified":"2025-01-15T15:46:05","modified_gmt":"2025-01-15T15:46:05","slug":"hpl-walnussholzfurnier-eletto","status":"publish","type":"product","link":"https:\/\/hpl.ro\/de\/produs\/hpl-walnussholzfurnier-eletto\/","title":{"rendered":"HPL Walnussholzfurnier Eletto"},"content":{"rendered":"<p>Die Eletto HPL-Walnussholzfliesen f\u00fcr den Innenbereich mit beidseitigem Dekor bestehen aus robusten und langlebigen Materialien und werden aufgrund ihrer Widerstandsf\u00e4higkeit gegen Abnutzung, Feuchtigkeit und hohe Temperaturen f\u00fcr Innenverkleidungen verwendet. Diese Fliesen sind ideal f\u00fcr Anwendungen wie Innentrennw\u00e4nde, ma\u00dfgeschneiderte M\u00f6bel, dekorative Paneele und andere Oberfl\u00e4chen in Innenr\u00e4umen. Das \u00e4sthetische Aussehen und die einheitliche Oberfl\u00e4che von HPL-Fliesen machen sie vielseitig und elegant und f\u00fcgen sich perfekt in verschiedene Einrichtungsprojekte ein. Im Innenbereich bieten HPL-Platten mit einer Vielzahl von Oberfl\u00e4chen, die Holz, Stein, Metall usw. imitieren k\u00f6nnen, eine gro\u00dfartige optische Wirkung.<\/p>\n","protected":false},"excerpt":{"rendered":"<p>Eletto Walnuss HPL Interieur Walnussholz Interieur mit 10 Jahren Garantie<\/p>\n","protected":false},"featured_media":112489,"comment_status":"closed","ping_status":"closed","template":"","meta":[],"product_brand":[],"product_cat":[216,215],"product_tag":[],"class_list":{"0":"post-112488","1":"product","2":"type-product","3":"status-publish","4":"has-post-thumbnail","6":"product_cat-hpl-fliesen-innen","7":"product_cat-kompakte-hpl-fliesen","9":"first","10":"instock","11":"shipping-taxable","12":"purchasable","13":"product-type-variable"},"_links":{"self":[{"href":"https:\/\/hpl.ro\/de\/wp-json\/wp\/v2\/product\/112488","targetHints":{"allow":["GET"]}}],"collection":[{"href":"https:\/\/hpl.ro\/de\/wp-json\/wp\/v2\/product"}],"about":[{"href":"https:\/\/hpl.ro\/de\/wp-json\/wp\/v2\/types\/product"}],"replies":[{"embeddable":true,"href":"https:\/\/hpl.ro\/de\/wp-json\/wp\/v2\/comments?post=112488"}],"version-history":[{"count":1,"href":"https:\/\/hpl.ro\/de\/wp-json\/wp\/v2\/product\/112488\/revisions"}],"predecessor-version":[{"id":112658,"href":"https:\/\/hpl.ro\/de\/wp-json\/wp\/v2\/product\/112488\/revisions\/112658"}],"wp:featuredmedia":[{"embeddable":true,"href":"https:\/\/hpl.ro\/de\/wp-json\/wp\/v2\/media\/112489"}],"wp:attachment":[{"href":"https:\/\/hpl.ro\/de\/wp-json\/wp\/v2\/media?parent=112488"}],"wp:term":[{"taxonomy":"product_brand","embeddable":true,"href":"https:\/\/hpl.ro\/de\/wp-json\/wp\/v2\/product_brand?post=112488"},{"taxonomy":"product_cat","embeddable":true,"href":"https:\/\/hpl.ro\/de\/wp-json\/wp\/v2\/product_cat?post=112488"},{"taxonomy":"product_tag","embeddable":true,"href":"https:\/\/hpl.ro\/de\/wp-json\/wp\/v2\/product_tag?post=112488"}],"curies":[{"name":"wp","href":"https:\/\/api.w.org\/{rel}","templated":true}]}}