{"id":118267,"date":"2024-05-27T07:50:41","date_gmt":"2024-05-27T07:50:41","guid":{"rendered":"https:\/\/hpl.ro\/produs\/hpl-swiss-ulm-holzfurnier-schokoladenfarben\/"},"modified":"2024-05-27T07:50:41","modified_gmt":"2024-05-27T07:50:41","slug":"hpl-swiss-ulm-holzfurnier-schokoladenfarben","status":"publish","type":"product","link":"https:\/\/hpl.ro\/de\/produs\/hpl-swiss-ulm-holzfurnier-schokoladenfarben\/","title":{"rendered":"HPL Swiss Ulm Holzfurnier schokoladenfarben"},"content":{"rendered":"<p>HPL Schweizer schokoladenfarbenes Ulmer Holz f\u00fcr den Innenbereich HPL-Platten mit beidseitigem Dekor sind aus robusten und langlebigen Materialien hergestellt und werden aufgrund ihrer Best\u00e4ndigkeit gegen Abnutzung, Feuchtigkeit und hohe Temperaturen f\u00fcr Innenverkleidungen verwendet. Diese Fliesen sind ideal f\u00fcr Anwendungen wie Innentrennw\u00e4nde, ma\u00dfgeschneiderte M\u00f6bel, dekorative Paneele und andere Oberfl\u00e4chen in Innenr\u00e4umen. Das \u00e4sthetische Aussehen und die einheitliche Oberfl\u00e4che von HPL-Fliesen machen sie vielseitig und elegant und f\u00fcgen sich perfekt in verschiedene Einrichtungsprojekte ein. Im Innenbereich bieten HPL-Platten mit einer Vielzahl von Oberfl\u00e4chen, die Holz, Stein, Metall usw. imitieren k\u00f6nnen, eine gro\u00dfartige optische Wirkung.<\/p>\n","protected":false},"excerpt":{"rendered":"<p>HPL Swiss Ulm Holzfurnier schokoladenfarben f\u00fcr Innen mit 10 Jahren Garantie<\/p>\n","protected":false},"featured_media":118272,"comment_status":"closed","ping_status":"closed","template":"","meta":[],"product_brand":[],"product_cat":[216,215],"product_tag":[],"class_list":{"0":"post-118267","1":"product","2":"type-product","3":"status-publish","4":"has-post-thumbnail","6":"product_cat-hpl-fliesen-innen","7":"product_cat-kompakte-hpl-fliesen","9":"first","10":"instock","11":"shipping-taxable","12":"purchasable","13":"product-type-variable"},"_links":{"self":[{"href":"https:\/\/hpl.ro\/de\/wp-json\/wp\/v2\/product\/118267","targetHints":{"allow":["GET"]}}],"collection":[{"href":"https:\/\/hpl.ro\/de\/wp-json\/wp\/v2\/product"}],"about":[{"href":"https:\/\/hpl.ro\/de\/wp-json\/wp\/v2\/types\/product"}],"replies":[{"embeddable":true,"href":"https:\/\/hpl.ro\/de\/wp-json\/wp\/v2\/comments?post=118267"}],"version-history":[{"count":0,"href":"https:\/\/hpl.ro\/de\/wp-json\/wp\/v2\/product\/118267\/revisions"}],"wp:featuredmedia":[{"embeddable":true,"href":"https:\/\/hpl.ro\/de\/wp-json\/wp\/v2\/media\/118272"}],"wp:attachment":[{"href":"https:\/\/hpl.ro\/de\/wp-json\/wp\/v2\/media?parent=118267"}],"wp:term":[{"taxonomy":"product_brand","embeddable":true,"href":"https:\/\/hpl.ro\/de\/wp-json\/wp\/v2\/product_brand?post=118267"},{"taxonomy":"product_cat","embeddable":true,"href":"https:\/\/hpl.ro\/de\/wp-json\/wp\/v2\/product_cat?post=118267"},{"taxonomy":"product_tag","embeddable":true,"href":"https:\/\/hpl.ro\/de\/wp-json\/wp\/v2\/product_tag?post=118267"}],"curies":[{"name":"wp","href":"https:\/\/api.w.org\/{rel}","templated":true}]}}