{"id":298512,"date":"2024-05-08T08:26:16","date_gmt":"2024-05-08T08:26:16","guid":{"rendered":"https:\/\/hpl.ro\/produs\/hpl-bronzeplatte-2\/"},"modified":"2024-05-08T08:26:16","modified_gmt":"2024-05-08T08:26:16","slug":"hpl-bronzeplatte-2","status":"publish","type":"product","link":"https:\/\/hpl.ro\/de\/produs\/hpl-bronzeplatte-2\/","title":{"rendered":"HPL-Bronzeplatte"},"content":{"rendered":"<p>HPL-Bronze mit UV-Schutz besteht aus starken und langlebigen Materialien und wird aufgrund seiner Widerstandsf\u00e4higkeit gegen Abnutzung, Feuchtigkeit, hohe Temperaturen und Sonneneinstrahlung f\u00fcr Au\u00dfenverkleidungen verwendet. Sie sind ideal f\u00fcr Anwendungen wie hinterl\u00fcftete Geb\u00e4udefassaden, Au\u00dfentrennw\u00e4nde, Zaunpaneele und andere verwitterte Oberfl\u00e4chen. Sein \u00e4sthetisches Aussehen und seine einheitliche Oberfl\u00e4che verleihen ihm Vielseitigkeit und Eleganz in verschiedenen Einrichtungsprojekten. HPL-Platten, die f\u00fcr hinterl\u00fcftete Fassaden verwendet werden, reduzieren die W\u00e4rme\u00fcbertragung von W\u00e4nden sowohl im Winter als auch im Sommer erheblich und bieten gleichzeitig ein gro\u00dfartiges Design mit einer Vielzahl von Oberfl\u00e4chen, die Holz, Stein, Metall usw. imitieren k\u00f6nnen.<\/p>\n","protected":false},"excerpt":{"rendered":"<p>HPL-Platten aus Bronze f\u00fcr den Au\u00dfenbereich mit 10 Jahren Garantie<\/p>\n","protected":false},"featured_media":298515,"comment_status":"closed","ping_status":"closed","template":"","meta":[],"product_brand":[],"product_cat":[220,215],"product_tag":[],"class_list":{"0":"post-298512","1":"product","2":"type-product","3":"status-publish","4":"has-post-thumbnail","6":"product_cat-hpl-fliesen-fur-den-ausenbereich","7":"product_cat-kompakte-hpl-fliesen","9":"first","10":"instock","11":"shipping-taxable","12":"purchasable","13":"product-type-variable"},"_links":{"self":[{"href":"https:\/\/hpl.ro\/de\/wp-json\/wp\/v2\/product\/298512","targetHints":{"allow":["GET"]}}],"collection":[{"href":"https:\/\/hpl.ro\/de\/wp-json\/wp\/v2\/product"}],"about":[{"href":"https:\/\/hpl.ro\/de\/wp-json\/wp\/v2\/types\/product"}],"replies":[{"embeddable":true,"href":"https:\/\/hpl.ro\/de\/wp-json\/wp\/v2\/comments?post=298512"}],"version-history":[{"count":0,"href":"https:\/\/hpl.ro\/de\/wp-json\/wp\/v2\/product\/298512\/revisions"}],"wp:featuredmedia":[{"embeddable":true,"href":"https:\/\/hpl.ro\/de\/wp-json\/wp\/v2\/media\/298515"}],"wp:attachment":[{"href":"https:\/\/hpl.ro\/de\/wp-json\/wp\/v2\/media?parent=298512"}],"wp:term":[{"taxonomy":"product_brand","embeddable":true,"href":"https:\/\/hpl.ro\/de\/wp-json\/wp\/v2\/product_brand?post=298512"},{"taxonomy":"product_cat","embeddable":true,"href":"https:\/\/hpl.ro\/de\/wp-json\/wp\/v2\/product_cat?post=298512"},{"taxonomy":"product_tag","embeddable":true,"href":"https:\/\/hpl.ro\/de\/wp-json\/wp\/v2\/product_tag?post=298512"}],"curies":[{"name":"wp","href":"https:\/\/api.w.org\/{rel}","templated":true}]}}