{"id":39900,"date":"2024-05-20T13:27:18","date_gmt":"2024-05-20T13:27:18","guid":{"rendered":"https:\/\/hpl.ro\/?post_type=product&#038;p=39900"},"modified":"2024-05-20T13:40:08","modified_gmt":"2024-05-20T13:40:08","slug":"placa-hpl-bej-gri-2","status":"publish","type":"product","link":"https:\/\/hpl.ro\/en\/product\/placa-hpl-bej-gri-2\/","title":{"rendered":"Plac\u0103 HPL bej gri"},"content":{"rendered":"<p>Pl\u0103cile HPL bej gri de interior, cu decor pe ambele p\u0103r\u021bi, sunt fabricate din materiale rezistente \u0219i durabile, fiind utilizate \u00een plac\u0103rile interioare datorit\u0103 propriet\u0103\u021bilor lor de rezisten\u021b\u0103 la uzur\u0103, umiditate \u0219i temperaturi ridicate. Aceste pl\u0103ci sunt ideale pentru aplica\u021bii precum pere\u021bii desp\u0103r\u021bitori interiori, mobilierul personalizat, panourile decorative \u0219i alte suprafe\u021be din spa\u021biile interne. Aspectul estetic \u0219i finisajul uniform al pl\u0103cilor HPL le confer\u0103 versatilitate \u0219i elegan\u021b\u0103, integr\u00e2ndu-se perfect \u00een diferite proiecte de design interior. Utilizate \u00een amenaj\u0103rile interioare, pl\u0103cile de HPL ofer\u0103 un aspect vizual deosebit prin finisajele variate care pot imita lemnul, piatra, metalul etc.<\/p>\n","protected":false},"excerpt":{"rendered":"<p>Plac\u0103 HPL bej gri pentru interior cu 10 ani garan\u021bie<\/p>\n","protected":false},"featured_media":40607,"comment_status":"closed","ping_status":"closed","template":"","meta":[],"product_brand":[],"product_cat":[70,71],"product_tag":[],"class_list":{"0":"post-39900","1":"product","2":"type-product","3":"status-publish","4":"has-post-thumbnail","6":"product_cat-placi-hpl-compact","7":"product_cat-placi-hpl-interior","9":"first","10":"instock","11":"shipping-taxable","12":"purchasable","13":"product-type-variable"},"_links":{"self":[{"href":"https:\/\/hpl.ro\/en\/wp-json\/wp\/v2\/product\/39900","targetHints":{"allow":["GET"]}}],"collection":[{"href":"https:\/\/hpl.ro\/en\/wp-json\/wp\/v2\/product"}],"about":[{"href":"https:\/\/hpl.ro\/en\/wp-json\/wp\/v2\/types\/product"}],"replies":[{"embeddable":true,"href":"https:\/\/hpl.ro\/en\/wp-json\/wp\/v2\/comments?post=39900"}],"version-history":[{"count":2,"href":"https:\/\/hpl.ro\/en\/wp-json\/wp\/v2\/product\/39900\/revisions"}],"predecessor-version":[{"id":40610,"href":"https:\/\/hpl.ro\/en\/wp-json\/wp\/v2\/product\/39900\/revisions\/40610"}],"wp:featuredmedia":[{"embeddable":true,"href":"https:\/\/hpl.ro\/en\/wp-json\/wp\/v2\/media\/40607"}],"wp:attachment":[{"href":"https:\/\/hpl.ro\/en\/wp-json\/wp\/v2\/media?parent=39900"}],"wp:term":[{"taxonomy":"product_brand","embeddable":true,"href":"https:\/\/hpl.ro\/en\/wp-json\/wp\/v2\/product_brand?post=39900"},{"taxonomy":"product_cat","embeddable":true,"href":"https:\/\/hpl.ro\/en\/wp-json\/wp\/v2\/product_cat?post=39900"},{"taxonomy":"product_tag","embeddable":true,"href":"https:\/\/hpl.ro\/en\/wp-json\/wp\/v2\/product_tag?post=39900"}],"curies":[{"name":"wp","href":"https:\/\/api.w.org\/{rel}","templated":true}]}}