{"id":181028,"date":"2024-05-27T07:00:21","date_gmt":"2024-05-27T07:00:21","guid":{"rendered":"https:\/\/hpl.ro\/produs\/tco-hpl-chene-clair-tco\/"},"modified":"2024-05-27T07:00:21","modified_gmt":"2024-05-27T07:00:21","slug":"tco-hpl-chene-clair-tco","status":"publish","type":"product","link":"https:\/\/hpl.ro\/fr\/produs\/tco-hpl-chene-clair-tco\/","title":{"rendered":"TCO HPL ch\u00eane clair TCO"},"content":{"rendered":"<p>TCO int\u00e9rieur Les dalles HPL ch\u00eane clair TCO avec d\u00e9coration sur les deux faces sont fabriqu\u00e9es \u00e0 partir de mat\u00e9riaux robustes et durables et sont utilis\u00e9es dans les rev\u00eatements int\u00e9rieurs en raison de leurs propri\u00e9t\u00e9s de r\u00e9sistance \u00e0 l&rsquo;usure, \u00e0 l&rsquo;humidit\u00e9 et aux temp\u00e9ratures \u00e9lev\u00e9es. Ces dalles sont id\u00e9ales pour des applications telles que les cloisons int\u00e9rieures, le mobilier personnalis\u00e9, les panneaux d\u00e9coratifs et d&rsquo;autres surfaces dans les espaces int\u00e9rieurs. L&rsquo;aspect esth\u00e9tique et la finition uniforme des dalles HPL les rendent polyvalentes et \u00e9l\u00e9gantes, s&rsquo;int\u00e9grant parfaitement dans diff\u00e9rents projets de d\u00e9coration int\u00e9rieure. Utilis\u00e9s dans les int\u00e9rieurs, les panneaux HPL offrent un grand impact visuel gr\u00e2ce \u00e0 une vari\u00e9t\u00e9 de finitions qui peuvent imiter le bois, la pierre, le m\u00e9tal, etc.<\/p>\n","protected":false},"excerpt":{"rendered":"<p>TCO Light Oak HPL Interior TCO HPL Interior avec 10 ans de garantie<\/p>\n","protected":false},"featured_media":181037,"comment_status":"closed","ping_status":"closed","template":"","meta":[],"product_brand":[],"product_cat":[272,271],"product_tag":[],"class_list":{"0":"post-181028","1":"product","2":"type-product","3":"status-publish","4":"has-post-thumbnail","6":"product_cat-carreaux-hpl-interieur","7":"product_cat-dalles-hpl-compactes","9":"first","10":"instock","11":"shipping-taxable","12":"purchasable","13":"product-type-variable"},"_links":{"self":[{"href":"https:\/\/hpl.ro\/fr\/wp-json\/wp\/v2\/product\/181028","targetHints":{"allow":["GET"]}}],"collection":[{"href":"https:\/\/hpl.ro\/fr\/wp-json\/wp\/v2\/product"}],"about":[{"href":"https:\/\/hpl.ro\/fr\/wp-json\/wp\/v2\/types\/product"}],"replies":[{"embeddable":true,"href":"https:\/\/hpl.ro\/fr\/wp-json\/wp\/v2\/comments?post=181028"}],"version-history":[{"count":0,"href":"https:\/\/hpl.ro\/fr\/wp-json\/wp\/v2\/product\/181028\/revisions"}],"wp:featuredmedia":[{"embeddable":true,"href":"https:\/\/hpl.ro\/fr\/wp-json\/wp\/v2\/media\/181037"}],"wp:attachment":[{"href":"https:\/\/hpl.ro\/fr\/wp-json\/wp\/v2\/media?parent=181028"}],"wp:term":[{"taxonomy":"product_brand","embeddable":true,"href":"https:\/\/hpl.ro\/fr\/wp-json\/wp\/v2\/product_brand?post=181028"},{"taxonomy":"product_cat","embeddable":true,"href":"https:\/\/hpl.ro\/fr\/wp-json\/wp\/v2\/product_cat?post=181028"},{"taxonomy":"product_tag","embeddable":true,"href":"https:\/\/hpl.ro\/fr\/wp-json\/wp\/v2\/product_tag?post=181028"}],"curies":[{"name":"wp","href":"https:\/\/api.w.org\/{rel}","templated":true}]}}