{"id":214696,"date":"2024-05-22T07:23:44","date_gmt":"2024-05-22T07:23:44","guid":{"rendered":"https:\/\/hpl.ro\/produs\/hpl-gris-pierre-2\/"},"modified":"2024-05-22T07:23:44","modified_gmt":"2024-05-22T07:23:44","slug":"hpl-gris-pierre-2","status":"publish","type":"product","link":"https:\/\/hpl.ro\/fr\/produs\/hpl-gris-pierre-2\/","title":{"rendered":"HPL gris pierre"},"content":{"rendered":"<p>Les dalles HPL gris pierre d&rsquo;int\u00e9rieur, avec d\u00e9coration sur les deux faces, sont fabriqu\u00e9es \u00e0 partir de mat\u00e9riaux solides et durables et sont utilis\u00e9es dans les rev\u00eatements int\u00e9rieurs en raison de leur r\u00e9sistance \u00e0 l&rsquo;usure, \u00e0 l&rsquo;humidit\u00e9 et aux temp\u00e9ratures \u00e9lev\u00e9es. Ces dalles sont id\u00e9ales pour des applications telles que les cloisons int\u00e9rieures, le mobilier personnalis\u00e9, les panneaux d\u00e9coratifs et d&rsquo;autres surfaces dans les espaces int\u00e9rieurs. L&rsquo;aspect esth\u00e9tique et la finition uniforme des dalles HPL les rendent polyvalentes et \u00e9l\u00e9gantes, s&rsquo;int\u00e9grant parfaitement dans diff\u00e9rents projets de d\u00e9coration int\u00e9rieure. Utilis\u00e9s dans les int\u00e9rieurs, les panneaux HPL offrent un grand impact visuel gr\u00e2ce \u00e0 une vari\u00e9t\u00e9 de finitions qui peuvent imiter le bois, la pierre, le m\u00e9tal, etc.<\/p>\n","protected":false},"excerpt":{"rendered":"<p>HPL gris pierre HPL int\u00e9rieur avec 10 ans de garantie<\/p>\n","protected":false},"featured_media":214698,"comment_status":"closed","ping_status":"closed","template":"","meta":[],"product_brand":[],"product_cat":[272,271],"product_tag":[],"class_list":{"0":"post-214696","1":"product","2":"type-product","3":"status-publish","4":"has-post-thumbnail","6":"product_cat-carreaux-hpl-interieur","7":"product_cat-dalles-hpl-compactes","9":"first","10":"instock","11":"shipping-taxable","12":"purchasable","13":"product-type-variable"},"_links":{"self":[{"href":"https:\/\/hpl.ro\/fr\/wp-json\/wp\/v2\/product\/214696","targetHints":{"allow":["GET"]}}],"collection":[{"href":"https:\/\/hpl.ro\/fr\/wp-json\/wp\/v2\/product"}],"about":[{"href":"https:\/\/hpl.ro\/fr\/wp-json\/wp\/v2\/types\/product"}],"replies":[{"embeddable":true,"href":"https:\/\/hpl.ro\/fr\/wp-json\/wp\/v2\/comments?post=214696"}],"version-history":[{"count":0,"href":"https:\/\/hpl.ro\/fr\/wp-json\/wp\/v2\/product\/214696\/revisions"}],"wp:featuredmedia":[{"embeddable":true,"href":"https:\/\/hpl.ro\/fr\/wp-json\/wp\/v2\/media\/214698"}],"wp:attachment":[{"href":"https:\/\/hpl.ro\/fr\/wp-json\/wp\/v2\/media?parent=214696"}],"wp:term":[{"taxonomy":"product_brand","embeddable":true,"href":"https:\/\/hpl.ro\/fr\/wp-json\/wp\/v2\/product_brand?post=214696"},{"taxonomy":"product_cat","embeddable":true,"href":"https:\/\/hpl.ro\/fr\/wp-json\/wp\/v2\/product_cat?post=214696"},{"taxonomy":"product_tag","embeddable":true,"href":"https:\/\/hpl.ro\/fr\/wp-json\/wp\/v2\/product_tag?post=214696"}],"curies":[{"name":"wp","href":"https:\/\/api.w.org\/{rel}","templated":true}]}}