{"id":220839,"date":"2024-05-22T08:11:52","date_gmt":"2024-05-22T08:11:52","guid":{"rendered":"https:\/\/hpl.ro\/produs\/panneau-hpl-bleu-marine\/"},"modified":"2024-05-22T08:11:52","modified_gmt":"2024-05-22T08:11:52","slug":"panneau-hpl-bleu-marine","status":"publish","type":"product","link":"https:\/\/hpl.ro\/fr\/produs\/panneau-hpl-bleu-marine\/","title":{"rendered":"Panneau HPL bleu marine"},"content":{"rendered":"<p>Les panneaux HPL bleu marine d&rsquo;int\u00e9rieur avec d\u00e9coration sur les deux faces sont fabriqu\u00e9s \u00e0 partir de mat\u00e9riaux solides et durables et sont utilis\u00e9s pour le rev\u00eatement int\u00e9rieur en raison de leurs propri\u00e9t\u00e9s de r\u00e9sistance \u00e0 l&rsquo;usure, \u00e0 l&rsquo;humidit\u00e9 et aux temp\u00e9ratures \u00e9lev\u00e9es. Ces panneaux sont id\u00e9aux pour des applications telles que les cloisons int\u00e9rieures, le mobilier personnalis\u00e9, les panneaux d\u00e9coratifs et d&rsquo;autres surfaces dans les espaces int\u00e9rieurs. L&rsquo;aspect esth\u00e9tique et la finition uniforme des panneaux HPL leur conf\u00e8rent polyvalence et \u00e9l\u00e9gance, s&rsquo;int\u00e9grant parfaitement \u00e0 divers projets d&rsquo;am\u00e9nagement int\u00e9rieur. Utilis\u00e9s \u00e0 l&rsquo;int\u00e9rieur, les panneaux HPL offrent un excellent aspect visuel avec une vari\u00e9t\u00e9 de finitions qui peuvent imiter le bois, la pierre, le m\u00e9tal, etc.<\/p>\n","protected":false},"excerpt":{"rendered":"<p>Panneau int\u00e9rieur HPL bleu marine avec 10 ans de garantie<\/p>\n","protected":false},"featured_media":0,"comment_status":"closed","ping_status":"closed","template":"","meta":[],"product_brand":[],"product_cat":[91],"product_tag":[],"class_list":{"0":"post-220839","1":"product","2":"type-product","3":"status-publish","5":"product_cat-uncategorized","7":"first","8":"instock","9":"shipping-taxable","10":"product-type-simple"},"_links":{"self":[{"href":"https:\/\/hpl.ro\/fr\/wp-json\/wp\/v2\/product\/220839","targetHints":{"allow":["GET"]}}],"collection":[{"href":"https:\/\/hpl.ro\/fr\/wp-json\/wp\/v2\/product"}],"about":[{"href":"https:\/\/hpl.ro\/fr\/wp-json\/wp\/v2\/types\/product"}],"replies":[{"embeddable":true,"href":"https:\/\/hpl.ro\/fr\/wp-json\/wp\/v2\/comments?post=220839"}],"version-history":[{"count":0,"href":"https:\/\/hpl.ro\/fr\/wp-json\/wp\/v2\/product\/220839\/revisions"}],"wp:attachment":[{"href":"https:\/\/hpl.ro\/fr\/wp-json\/wp\/v2\/media?parent=220839"}],"wp:term":[{"taxonomy":"product_brand","embeddable":true,"href":"https:\/\/hpl.ro\/fr\/wp-json\/wp\/v2\/product_brand?post=220839"},{"taxonomy":"product_cat","embeddable":true,"href":"https:\/\/hpl.ro\/fr\/wp-json\/wp\/v2\/product_cat?post=220839"},{"taxonomy":"product_tag","embeddable":true,"href":"https:\/\/hpl.ro\/fr\/wp-json\/wp\/v2\/product_tag?post=220839"}],"curies":[{"name":"wp","href":"https:\/\/api.w.org\/{rel}","templated":true}]}}