{"id":275626,"date":"2024-05-15T06:26:23","date_gmt":"2024-05-15T06:26:23","guid":{"rendered":"https:\/\/hpl.ro\/produs\/plaque-hpl-aspect-aluminium-2\/"},"modified":"2025-01-22T13:04:25","modified_gmt":"2025-01-22T13:04:25","slug":"plaque-hpl-aspect-aluminium-2","status":"publish","type":"product","link":"https:\/\/hpl.ro\/fr\/produs\/plaque-hpl-aspect-aluminium-2\/","title":{"rendered":"Plaque HPL aspect aluminium"},"content":{"rendered":"<p>Les dalles HPL aspect aluminium sont fabriqu\u00e9es \u00e0 partir de mat\u00e9riaux solides et durables et sont utilis\u00e9es pour le rev\u00eatement int\u00e9rieur en raison de leur r\u00e9sistance \u00e0 l&rsquo;usure, \u00e0 l&rsquo;humidit\u00e9 et aux temp\u00e9ratures \u00e9lev\u00e9es. Ces dalles sont id\u00e9ales pour des applications telles que les cloisons int\u00e9rieures, le mobilier personnalis\u00e9, les panneaux d\u00e9coratifs et d&rsquo;autres surfaces dans les espaces int\u00e9rieurs. L&rsquo;aspect esth\u00e9tique et la finition uniforme des dalles HPL les rendent polyvalentes et \u00e9l\u00e9gantes, s&rsquo;int\u00e9grant parfaitement dans diff\u00e9rents projets de d\u00e9coration int\u00e9rieure. Utilis\u00e9es en d\u00e9coration int\u00e9rieure, les plaques HPL contribuent \u00e0 am\u00e9liorer l&rsquo;isolation thermique et acoustique des pi\u00e8ces, tout en offrant un grand impact visuel gr\u00e2ce \u00e0 une vari\u00e9t\u00e9 de finitions qui peuvent imiter le bois, la pierre, le m\u00e9tal, etc.<\/p>\n","protected":false},"excerpt":{"rendered":"<p>T\u00f4le HPL aspect aluminium pour l&rsquo;int\u00e9rieur avec 10 ans de garantie<\/p>\n","protected":false},"featured_media":275635,"comment_status":"closed","ping_status":"closed","template":"","meta":[],"product_brand":[],"product_cat":[272,271],"product_tag":[],"class_list":{"0":"post-275626","1":"product","2":"type-product","3":"status-publish","4":"has-post-thumbnail","6":"product_cat-carreaux-hpl-interieur","7":"product_cat-dalles-hpl-compactes","9":"first","10":"instock","11":"shipping-taxable","12":"purchasable","13":"product-type-variable"},"_links":{"self":[{"href":"https:\/\/hpl.ro\/fr\/wp-json\/wp\/v2\/product\/275626","targetHints":{"allow":["GET"]}}],"collection":[{"href":"https:\/\/hpl.ro\/fr\/wp-json\/wp\/v2\/product"}],"about":[{"href":"https:\/\/hpl.ro\/fr\/wp-json\/wp\/v2\/types\/product"}],"replies":[{"embeddable":true,"href":"https:\/\/hpl.ro\/fr\/wp-json\/wp\/v2\/comments?post=275626"}],"version-history":[{"count":1,"href":"https:\/\/hpl.ro\/fr\/wp-json\/wp\/v2\/product\/275626\/revisions"}],"predecessor-version":[{"id":279522,"href":"https:\/\/hpl.ro\/fr\/wp-json\/wp\/v2\/product\/275626\/revisions\/279522"}],"wp:featuredmedia":[{"embeddable":true,"href":"https:\/\/hpl.ro\/fr\/wp-json\/wp\/v2\/media\/275635"}],"wp:attachment":[{"href":"https:\/\/hpl.ro\/fr\/wp-json\/wp\/v2\/media?parent=275626"}],"wp:term":[{"taxonomy":"product_brand","embeddable":true,"href":"https:\/\/hpl.ro\/fr\/wp-json\/wp\/v2\/product_brand?post=275626"},{"taxonomy":"product_cat","embeddable":true,"href":"https:\/\/hpl.ro\/fr\/wp-json\/wp\/v2\/product_cat?post=275626"},{"taxonomy":"product_tag","embeddable":true,"href":"https:\/\/hpl.ro\/fr\/wp-json\/wp\/v2\/product_tag?post=275626"}],"curies":[{"name":"wp","href":"https:\/\/api.w.org\/{rel}","templated":true}]}}