{"id":299293,"date":"2024-05-08T09:34:34","date_gmt":"2024-05-08T09:34:34","guid":{"rendered":"https:\/\/hpl.ro\/produs\/plaque-hpl-bleu-mousson-2\/"},"modified":"2024-05-08T09:34:34","modified_gmt":"2024-05-08T09:34:34","slug":"plaque-hpl-bleu-mousson-2","status":"publish","type":"product","link":"https:\/\/hpl.ro\/fr\/produs\/plaque-hpl-bleu-mousson-2\/","title":{"rendered":"Plaque HPL bleu mousson"},"content":{"rendered":"<p>Les dalles HPL bleu Monsoon avec protection UV sont fabriqu\u00e9es \u00e0 partir de mat\u00e9riaux robustes et durables et sont utilis\u00e9es pour le rev\u00eatement ext\u00e9rieur en raison de leur r\u00e9sistance \u00e0 l&rsquo;usure, \u00e0 l&rsquo;humidit\u00e9, aux temp\u00e9ratures \u00e9lev\u00e9es et \u00e0 l&rsquo;exposition au rayonnement solaire. Elles sont id\u00e9ales pour des applications telles que les fa\u00e7ades ventil\u00e9es de b\u00e2timents, les cloisons ext\u00e9rieures, les panneaux de cl\u00f4ture et d&rsquo;autres surfaces expos\u00e9es aux intemp\u00e9ries. Son aspect esth\u00e9tique et sa finition uniforme lui conf\u00e8rent polyvalence et \u00e9l\u00e9gance dans diff\u00e9rents projets de d\u00e9coration int\u00e9rieure. Utilis\u00e9es pour les fa\u00e7ades ventil\u00e9es, les plaques HPL r\u00e9duisent consid\u00e9rablement le transfert de chaleur des murs en hiver comme en \u00e9t\u00e9, tout en offrant un grand design avec une vari\u00e9t\u00e9 de finitions qui peuvent imiter le bois, la pierre, le m\u00e9tal, etc.<\/p>\n","protected":false},"excerpt":{"rendered":"<p>Plaque HPL bleu mousson pour l&rsquo;ext\u00e9rieur avec 10 ans de garantie<\/p>\n","protected":false},"featured_media":299295,"comment_status":"closed","ping_status":"closed","template":"","meta":[],"product_brand":[],"product_cat":[276,271],"product_tag":[],"class_list":{"0":"post-299293","1":"product","2":"type-product","3":"status-publish","4":"has-post-thumbnail","6":"product_cat-dalles-exterieures-hpl","7":"product_cat-dalles-hpl-compactes","9":"first","10":"instock","11":"shipping-taxable","12":"purchasable","13":"product-type-variable"},"_links":{"self":[{"href":"https:\/\/hpl.ro\/fr\/wp-json\/wp\/v2\/product\/299293","targetHints":{"allow":["GET"]}}],"collection":[{"href":"https:\/\/hpl.ro\/fr\/wp-json\/wp\/v2\/product"}],"about":[{"href":"https:\/\/hpl.ro\/fr\/wp-json\/wp\/v2\/types\/product"}],"replies":[{"embeddable":true,"href":"https:\/\/hpl.ro\/fr\/wp-json\/wp\/v2\/comments?post=299293"}],"version-history":[{"count":0,"href":"https:\/\/hpl.ro\/fr\/wp-json\/wp\/v2\/product\/299293\/revisions"}],"wp:featuredmedia":[{"embeddable":true,"href":"https:\/\/hpl.ro\/fr\/wp-json\/wp\/v2\/media\/299295"}],"wp:attachment":[{"href":"https:\/\/hpl.ro\/fr\/wp-json\/wp\/v2\/media?parent=299293"}],"wp:term":[{"taxonomy":"product_brand","embeddable":true,"href":"https:\/\/hpl.ro\/fr\/wp-json\/wp\/v2\/product_brand?post=299293"},{"taxonomy":"product_cat","embeddable":true,"href":"https:\/\/hpl.ro\/fr\/wp-json\/wp\/v2\/product_cat?post=299293"},{"taxonomy":"product_tag","embeddable":true,"href":"https:\/\/hpl.ro\/fr\/wp-json\/wp\/v2\/product_tag?post=299293"}],"curies":[{"name":"wp","href":"https:\/\/api.w.org\/{rel}","templated":true}]}}