{"id":300699,"date":"2024-05-14T06:39:26","date_gmt":"2024-05-14T06:39:26","guid":{"rendered":"https:\/\/hpl.ro\/produs\/chene-rustique-clair-hpl\/"},"modified":"2024-05-14T06:39:26","modified_gmt":"2024-05-14T06:39:26","slug":"chene-rustique-clair-hpl","status":"publish","type":"product","link":"https:\/\/hpl.ro\/fr\/produs\/chene-rustique-clair-hpl\/","title":{"rendered":"Ch\u00eane rustique clair HPL"},"content":{"rendered":"<p>Le HPL Rustic Light Oak avec protection UV est fabriqu\u00e9 \u00e0 partir de mat\u00e9riaux robustes et durables et est utilis\u00e9 pour les rev\u00eatements ext\u00e9rieurs en raison de sa r\u00e9sistance \u00e0 l&rsquo;usure, \u00e0 l&rsquo;humidit\u00e9, aux temp\u00e9ratures \u00e9lev\u00e9es et \u00e0 l&rsquo;exposition au rayonnement solaire. Elles sont id\u00e9ales pour des applications telles que les fa\u00e7ades ventil\u00e9es de b\u00e2timents, les cloisons ext\u00e9rieures, les panneaux de cl\u00f4ture et d&rsquo;autres surfaces expos\u00e9es aux intemp\u00e9ries. Son aspect esth\u00e9tique et sa finition uniforme lui conf\u00e8rent polyvalence et \u00e9l\u00e9gance dans diff\u00e9rents projets de d\u00e9coration int\u00e9rieure. Utilis\u00e9es pour les fa\u00e7ades ventil\u00e9es, les plaques HPL r\u00e9duisent consid\u00e9rablement le transfert de chaleur des murs en hiver comme en \u00e9t\u00e9, tout en offrant un grand design avec une vari\u00e9t\u00e9 de finitions qui peuvent imiter le bois, la pierre, le m\u00e9tal, etc.<\/p>\n","protected":false},"excerpt":{"rendered":"<p>Ch\u00eane clair rustique ext\u00e9rieur HPL ch\u00eane clair rustique avec 10 ans de garantie<\/p>\n","protected":false},"featured_media":300700,"comment_status":"closed","ping_status":"closed","template":"","meta":[],"product_brand":[],"product_cat":[276,271],"product_tag":[],"class_list":{"0":"post-300699","1":"product","2":"type-product","3":"status-publish","4":"has-post-thumbnail","6":"product_cat-dalles-exterieures-hpl","7":"product_cat-dalles-hpl-compactes","9":"first","10":"instock","11":"shipping-taxable","12":"purchasable","13":"product-type-variable"},"_links":{"self":[{"href":"https:\/\/hpl.ro\/fr\/wp-json\/wp\/v2\/product\/300699","targetHints":{"allow":["GET"]}}],"collection":[{"href":"https:\/\/hpl.ro\/fr\/wp-json\/wp\/v2\/product"}],"about":[{"href":"https:\/\/hpl.ro\/fr\/wp-json\/wp\/v2\/types\/product"}],"replies":[{"embeddable":true,"href":"https:\/\/hpl.ro\/fr\/wp-json\/wp\/v2\/comments?post=300699"}],"version-history":[{"count":0,"href":"https:\/\/hpl.ro\/fr\/wp-json\/wp\/v2\/product\/300699\/revisions"}],"wp:featuredmedia":[{"embeddable":true,"href":"https:\/\/hpl.ro\/fr\/wp-json\/wp\/v2\/media\/300700"}],"wp:attachment":[{"href":"https:\/\/hpl.ro\/fr\/wp-json\/wp\/v2\/media?parent=300699"}],"wp:term":[{"taxonomy":"product_brand","embeddable":true,"href":"https:\/\/hpl.ro\/fr\/wp-json\/wp\/v2\/product_brand?post=300699"},{"taxonomy":"product_cat","embeddable":true,"href":"https:\/\/hpl.ro\/fr\/wp-json\/wp\/v2\/product_cat?post=300699"},{"taxonomy":"product_tag","embeddable":true,"href":"https:\/\/hpl.ro\/fr\/wp-json\/wp\/v2\/product_tag?post=300699"}],"curies":[{"name":"wp","href":"https:\/\/api.w.org\/{rel}","templated":true}]}}